{"id":1175,"date":"2023-10-17T00:49:13","date_gmt":"2023-10-16T22:49:13","guid":{"rendered":"https:\/\/www.tarracoyachts.com\/?page_id=1175"},"modified":"2023-10-18T13:51:34","modified_gmt":"2023-10-18T11:51:34","slug":"aviso-legal","status":"publish","type":"page","link":"https:\/\/www.tarracoyachts.com\/eng\/aviso-legal\/","title":{"rendered":"Aviso Legal"},"content":{"rendered":"<div data-elementor-type=\"wp-page\" data-elementor-id=\"1175\" class=\"elementor elementor-1175\" data-elementor-post-type=\"page\">\n\t\t\t\t\t\t\t\t\t<section class=\"elementor-section elementor-top-section elementor-element elementor-element-898189a elementor-section-boxed elementor-section-height-default elementor-section-height-default\" data-id=\"898189a\" data-element_type=\"section\">\n\t\t\t\t\t\t<div class=\"elementor-container elementor-column-gap-default\">\n\t\t\t\t\t<div class=\"elementor-column elementor-col-100 elementor-top-column elementor-element elementor-element-ed1162d\" data-id=\"ed1162d\" data-element_type=\"column\">\n\t\t\t<div class=\"elementor-widget-wrap elementor-element-populated\">\n\t\t\t\t\t\t\t\t<div class=\"elementor-element elementor-element-5aa464c elementor-widget elementor-widget-text-editor\" data-id=\"5aa464c\" data-element_type=\"widget\" data-widget_type=\"text-editor.default\">\n\t\t\t\t<div class=\"elementor-widget-container\">\n\t\t\t<style>\/*! elementor - v3.15.0 - 20-08-2023 *\/\n.elementor-widget-text-editor.elementor-drop-cap-view-stacked .elementor-drop-cap{background-color:#69727d;color:#fff}.elementor-widget-text-editor.elementor-drop-cap-view-framed .elementor-drop-cap{color:#69727d;border:3px solid;background-color:transparent}.elementor-widget-text-editor:not(.elementor-drop-cap-view-default) .elementor-drop-cap{margin-top:8px}.elementor-widget-text-editor:not(.elementor-drop-cap-view-default) .elementor-drop-cap-letter{width:1em;height:1em}.elementor-widget-text-editor .elementor-drop-cap{float:left;text-align:center;line-height:1;font-size:50px}.elementor-widget-text-editor .elementor-drop-cap-letter{display:inline-block}<\/style>\t\t\t\t<p><span style=\"color: #000000;\"><b>Aviso Legal de Tarraco Yachts<\/b><\/span><\/p><ol><li><span style=\"color: #000000;\"><b> Informaci\u00f3n General<\/b><\/span><\/li><\/ol><p><span style=\"font-weight: 400; color: #000000;\">Nombre de la empresa: Tarraco Yacht Services, SL<\/span><\/p><p><span style=\"font-weight: 400; color: #000000;\">NIF\/CIF: B44877512<\/span><\/p><p><span style=\"font-weight: 400; color: #000000;\">Domicilio: C\/Poble Nou S\/N, 43540 La R\u00e0pita, Tarragona. Espa\u00f1a<\/span><\/p><p><span style=\"color: #000000;\"><span style=\"font-weight: 400;\">Correo Electr\u00f3nico: <a href=\"mailto:info@tarracoyachts.com\">info@tarracoyachts.com<\/a><\/span><\/span><\/p><ol start=\"2\"><li><span style=\"color: #000000;\"><b> Propiedad Intelectual<\/b><\/span><\/li><\/ol><p><span style=\"font-weight: 400; color: #000000;\">Todo el contenido de este sitio web, incluyendo textos, im\u00e1genes, sonidos, marcas, logotipos u otros elementos, as\u00ed como su dise\u00f1o gr\u00e1fico y c\u00f3digo fuente, son propiedad de Tarraco Yacht Services, SL y est\u00e1n protegidos por las normativas de propiedad intelectual y industrial. Su uso, reproducci\u00f3n, distribuci\u00f3n, comunicaci\u00f3n p\u00fablica, transformaci\u00f3n o cualquier otra actividad similar, est\u00e1 estrictamente prohibido a menos que haya una autorizaci\u00f3n expresa de Tarraco Yacht Services, SL.<\/span><\/p><ol start=\"3\"><li><span style=\"color: #000000;\"><b> Condiciones de Uso<\/b><\/span><\/li><\/ol><p><span style=\"color: #000000;\"><span style=\"font-weight: 400;\">El usuario se compromete a hacer un buen uso del contenido y servicios de <\/span><a style=\"color: #000000;\" href=\"http:\/\/www.tarracoyachts.com\"><span style=\"font-weight: 400;\">www.tarracoyachts.com<\/span><\/a><span style=\"font-weight: 400;\">, no emple\u00e1ndolos para realizar actividades il\u00edcitas o que puedan ser contrarias al orden p\u00fablico, y respeta las presentes condiciones generales.<\/span><\/span><\/p><ol start=\"4\"><li><span style=\"color: #000000;\"><b> Responsabilidad<\/b><\/span><\/li><\/ol><p><span style=\"font-weight: 400; color: #000000;\">Aunque Tarraco Yacht Services, SL realiza esfuerzos por mantener la informaci\u00f3n y contenidos del sitio web actualizados y libres de errores, no garantiza su exactitud y actualidad. Tarraco Yacht Services, SL no se hace responsable de posibles errores, inexactitudes o irregularidades que puedan existir en el contenido.<\/span><\/p><ol start=\"5\"><li><span style=\"color: #000000;\"><b> Enlaces<\/b><\/span><\/li><\/ol><p><span style=\"color: #000000;\"><span style=\"font-weight: 400;\">El sitio web <\/span><a style=\"color: #000000;\" href=\"http:\/\/www.tarracoyachts.com\"><span style=\"font-weight: 400;\">www.tarracoyachts.com<\/span><\/a><span style=\"font-weight: 400;\"> puede ofrecer enlaces a otros sitios web o plataformas. Tarraco Yacht Services, SL no se hace responsable de los contenidos, informaciones o servicios presentes en dichos sitios, que se ofrecen con fines informativos y en ning\u00fan caso implican relaci\u00f3n, aceptaci\u00f3n o respaldo entre Tarraco Yacht Services, SL y las personas o entidades titulares de tales contenidos.<\/span><\/span><\/p><ol start=\"6\"><li><span style=\"color: #000000;\"><b> Modificaci\u00f3n del Aviso Legal<\/b><\/span><\/li><\/ol><p><span style=\"font-weight: 400; color: #000000;\">Tarraco Yacht Services, SL se reserva el derecho a realizar cambios en este aviso legal sin previo aviso, para adaptarlo a futuras novedades legislativas o jurisprudenciales, as\u00ed como a pr\u00e1cticas de la industria.<\/span><\/p><ol start=\"7\"><li><span style=\"color: #000000;\"><b> Ley Aplicable y Jurisdicci\u00f3n<\/b><\/span><\/li><\/ol><p><span style=\"font-weight: 400; color: #000000;\">Las presentes condiciones se rigen por la ley espa\u00f1ola. Para cualquier controversia derivada de la existencia o contenido de este aviso legal, ambas partes se someten a la jurisdicci\u00f3n y competencia de los tribunales de Tarragona.<\/span><\/p>\t\t\t\t\t\t<\/div>\n\t\t\t\t<\/div>\n\t\t\t\t\t<\/div>\n\t\t<\/div>\n\t\t\t\t\t\t\t<\/div>\n\t\t<\/section>\n\t\t\t\t\t\t\t<\/div>","protected":false},"excerpt":{"rendered":"<p>Aviso Legal de Tarraco Yachts Informaci\u00f3n General Nombre de la empresa: Tarraco Yacht Services, SL NIF\/CIF: B44877512 Domicilio: C\/Poble Nou S\/N, 43540 La R\u00e0pita, Tarragona. Espa\u00f1a Correo Electr\u00f3nico: info@tarracoyachts.com Propiedad Intelectual Todo el contenido de este sitio web, incluyendo textos, im\u00e1genes, sonidos, marcas, logotipos u otros elementos, as\u00ed como su dise\u00f1o gr\u00e1fico y c\u00f3digo fuente, &hellip;<\/p>\n<p class=\"read-more\"> <a class=\"\" href=\"https:\/\/www.tarracoyachts.com\/eng\/aviso-legal\/\"> <span class=\"screen-reader-text\">Aviso Legal<\/span> Read More &raquo;<\/a><\/p>","protected":false},"author":1,"featured_media":0,"parent":0,"menu_order":0,"comment_status":"closed","ping_status":"closed","template":"","meta":{"site-sidebar-layout":"no-sidebar","site-content-layout":"page-builder","ast-site-content-layout":"default","site-content-style":"default","site-sidebar-style":"default","ast-global-header-display":"","ast-banner-title-visibility":"","ast-main-header-display":"","ast-hfb-above-header-display":"","ast-hfb-below-header-display":"","ast-hfb-mobile-header-display":"","site-post-title":"disabled","ast-breadcrumbs-content":"","ast-featured-img":"disabled","footer-sml-layout":"","theme-transparent-header-meta":"","adv-header-id-meta":"","stick-header-meta":"","header-above-stick-meta":"","header-main-stick-meta":"","header-below-stick-meta":"","astra-migrate-meta-layouts":"set","footnotes":""},"class_list":["post-1175","page","type-page","status-publish","hentry"],"_links":{"self":[{"href":"https:\/\/www.tarracoyachts.com\/eng\/wp-json\/wp\/v2\/pages\/1175","targetHints":{"allow":["GET"]}}],"collection":[{"href":"https:\/\/www.tarracoyachts.com\/eng\/wp-json\/wp\/v2\/pages"}],"about":[{"href":"https:\/\/www.tarracoyachts.com\/eng\/wp-json\/wp\/v2\/types\/page"}],"author":[{"embeddable":true,"href":"https:\/\/www.tarracoyachts.com\/eng\/wp-json\/wp\/v2\/users\/1"}],"replies":[{"embeddable":true,"href":"https:\/\/www.tarracoyachts.com\/eng\/wp-json\/wp\/v2\/comments?post=1175"}],"version-history":[{"count":11,"href":"https:\/\/www.tarracoyachts.com\/eng\/wp-json\/wp\/v2\/pages\/1175\/revisions"}],"predecessor-version":[{"id":1235,"href":"https:\/\/www.tarracoyachts.com\/eng\/wp-json\/wp\/v2\/pages\/1175\/revisions\/1235"}],"wp:attachment":[{"href":"https:\/\/www.tarracoyachts.com\/eng\/wp-json\/wp\/v2\/media?parent=1175"}],"curies":[{"name":"wp","href":"https:\/\/api.w.org\/{rel}","templated":true}]}}