{"id":3,"date":"2023-08-09T11:58:51","date_gmt":"2023-08-09T09:58:51","guid":{"rendered":"http:\/\/www.tarracoyachts.com\/?page_id=3"},"modified":"2023-10-25T21:06:51","modified_gmt":"2023-10-25T19:06:51","slug":"politica-privacidad","status":"publish","type":"page","link":"https:\/\/www.tarracoyachts.com\/ca\/politica-privacidad\/","title":{"rendered":"Pol\u00edtica de privacidad"},"content":{"rendered":"<div data-elementor-type=\"wp-page\" data-elementor-id=\"3\" class=\"elementor elementor-3\" data-elementor-post-type=\"page\">\n\t\t\t\t\t\t\t\t\t<section class=\"elementor-section elementor-top-section elementor-element elementor-element-300ea36 elementor-section-boxed elementor-section-height-default elementor-section-height-default\" data-id=\"300ea36\" data-element_type=\"section\">\n\t\t\t\t\t\t<div class=\"elementor-container elementor-column-gap-default\">\n\t\t\t\t\t<div class=\"elementor-column elementor-col-100 elementor-top-column elementor-element elementor-element-e31ec17\" data-id=\"e31ec17\" data-element_type=\"column\">\n\t\t\t<div class=\"elementor-widget-wrap elementor-element-populated\">\n\t\t\t\t\t\t\t\t<div class=\"elementor-element elementor-element-82ef60b elementor-widget elementor-widget-text-editor\" data-id=\"82ef60b\" data-element_type=\"widget\" data-widget_type=\"text-editor.default\">\n\t\t\t\t<div class=\"elementor-widget-container\">\n\t\t\t<style>\/*! elementor - v3.15.0 - 20-08-2023 *\/\n.elementor-widget-text-editor.elementor-drop-cap-view-stacked .elementor-drop-cap{background-color:#69727d;color:#fff}.elementor-widget-text-editor.elementor-drop-cap-view-framed .elementor-drop-cap{color:#69727d;border:3px solid;background-color:transparent}.elementor-widget-text-editor:not(.elementor-drop-cap-view-default) .elementor-drop-cap{margin-top:8px}.elementor-widget-text-editor:not(.elementor-drop-cap-view-default) .elementor-drop-cap-letter{width:1em;height:1em}.elementor-widget-text-editor .elementor-drop-cap{float:left;text-align:center;line-height:1;font-size:50px}.elementor-widget-text-editor .elementor-drop-cap-letter{display:inline-block}<\/style>\t\t\t\t<p><span style=\"color: #000000;\"><!-- wp:heading --><\/span><\/p>\n<h2><span style=\"color: #000000;\"><!-- wp:heading --><\/span><\/h2>\n<p><span style=\"font-weight: 400; color: #000000;\">Pol\u00edtica de Privacidad de Tarraco Yachts<\/span><\/p>\n<p><span style=\"font-weight: 400; color: #000000;\">Fecha de la \u00faltima actualizaci\u00f3n: 17 de octubre del 2023<\/span><\/p>\n<p><span style=\"color: #000000;\"><span style=\"font-weight: 400;\">Bienvenido a <\/span><a style=\"color: #000000;\" href=\"http:\/\/www.tarracoyachts.com\"><span style=\"font-weight: 400;\">www.tarracoyachts.com<\/span><\/a><span style=\"font-weight: 400;\">. Su privacidad es esencial para nosotros. Esta pol\u00edtica de privacidad tiene como objetivo informarle sobre la informaci\u00f3n que recopilamos, c\u00f3mo la usamos, con qui\u00e9n la compartimos y las opciones que tiene con respecto a esta informaci\u00f3n.<\/span><\/span><\/p>\n<ol>\n<li><span style=\"color: #000000;\"><b> Informaci\u00f3n que recopilamos<\/b><\/span><\/li>\n<\/ol>\n<p><span style=\"font-weight: 400; color: #000000;\">Recopilamos informaci\u00f3n que usted nos proporciona directamente, como cuando se registra en nuestro sitio web, se suscribe a nuestro bolet\u00edn o se pone en contacto con nosotros.<\/span><\/p>\n<p><span style=\"font-weight: 400; color: #000000;\">Esta informaci\u00f3n puede incluir:<\/span><\/p>\n<ul>\n<li style=\"font-weight: 400;\" aria-level=\"1\"><span style=\"font-weight: 400; color: #000000;\">Nombre y apellido<\/span><\/li>\n<li style=\"font-weight: 400;\" aria-level=\"1\"><span style=\"font-weight: 400; color: #000000;\">Direcci\u00f3n de correo electr\u00f3nico<\/span><\/li>\n<li style=\"font-weight: 400;\" aria-level=\"1\"><span style=\"font-weight: 400; color: #000000;\">N\u00famero de tel\u00e9fono<\/span><\/li>\n<li style=\"font-weight: 400;\" aria-level=\"1\"><span style=\"font-weight: 400; color: #000000;\">Informaci\u00f3n de pago<\/span><\/li>\n<li style=\"font-weight: 400;\" aria-level=\"1\"><span style=\"font-weight: 400; color: #000000;\">Cualquier otra informaci\u00f3n que decida proporcionar.<\/span><\/li>\n<\/ul>\n<ol start=\"2\">\n<li><span style=\"color: #000000;\"><b> Uso de la informaci\u00f3n<\/b><\/span><\/li>\n<\/ol>\n<p><span style=\"font-weight: 400; color: #000000;\">Utilizamos la informaci\u00f3n que recopilamos para:<\/span><\/p>\n<ul>\n<li style=\"font-weight: 400;\" aria-level=\"1\"><span style=\"font-weight: 400; color: #000000;\">Procesar transacciones y enviar notificaciones de las mismas.<\/span><\/li>\n<li style=\"font-weight: 400;\" aria-level=\"1\"><span style=\"font-weight: 400; color: #000000;\">Responder a sus comentarios y preguntas.<\/span><\/li>\n<li style=\"font-weight: 400;\" aria-level=\"1\"><span style=\"font-weight: 400; color: #000000;\">Enviar boletines informativos y otros materiales promocionales.<\/span><\/li>\n<li style=\"font-weight: 400;\" aria-level=\"1\"><span style=\"font-weight: 400; color: #000000;\">Mejorar y optimizar nuestro sitio web.<\/span><\/li>\n<li style=\"font-weight: 400;\" aria-level=\"1\"><span style=\"font-weight: 400; color: #000000;\">Realizar an\u00e1lisis y estudios de mercado.<\/span><\/li>\n<\/ul>\n<ol start=\"3\">\n<li><span style=\"color: #000000;\"><b> Compartir informaci\u00f3n<\/b><\/span><\/li>\n<\/ol>\n<ul>\n<li style=\"font-weight: 400;\" aria-level=\"1\"><span style=\"font-weight: 400; color: #000000;\">No vendemos ni compartimos su informaci\u00f3n personal con terceros para sus fines de marketing sin su consentimiento.<\/span><\/li>\n<li style=\"font-weight: 400;\" aria-level=\"1\"><span style=\"font-weight: 400; color: #000000;\">Podemos compartir informaci\u00f3n:<\/span><\/li>\n<li style=\"font-weight: 400;\" aria-level=\"1\"><span style=\"font-weight: 400; color: #000000;\">Con proveedores que trabajan en nuestro nombre.<\/span><\/li>\n<li style=\"font-weight: 400;\" aria-level=\"1\"><span style=\"font-weight: 400; color: #000000;\">Si somos requeridos por la ley o en caso de que creamos que la divulgaci\u00f3n es necesaria para proteger nuestros derechos o para cumplir con un proceso judicial, orden judicial o proceso legal.<\/span><\/li>\n<li style=\"font-weight: 400;\" aria-level=\"1\"><span style=\"font-weight: 400; color: #000000;\">En relaci\u00f3n con una fusi\u00f3n, venta de activos de la empresa, financiaci\u00f3n o adquisici\u00f3n de toda o parte de nuestro negocio por parte de otra empresa.<\/span><\/li>\n<\/ul>\n<ol start=\"4\">\n<li><span style=\"color: #000000;\"><b> Seguridad<\/b><\/span><\/li>\n<\/ol>\n<p><span style=\"font-weight: 400; color: #000000;\">Implementamos medidas de seguridad adecuadas para proteger su informaci\u00f3n. Sin embargo, ning\u00fan m\u00e9todo de transmisi\u00f3n o almacenamiento electr\u00f3nico es 100% seguro.<\/span><\/p>\n<ol start=\"5\">\n<li><span style=\"color: #000000;\"><b> Sus derechos<\/b><\/span><\/li>\n<\/ol>\n<p><span style=\"color: #000000; font-weight: 400;\">Tiene el derecho de acceder, corregir o eliminar la informaci\u00f3n personal que tenemos sobre usted. Puede hacerlo contact\u00e1ndonos en\u00a0<\/span><a href=\"mailto:info@tarracoyachts.com\" target=\"_blank\" rel=\"noopener\">info@tarracoyachts.com<\/a><span style=\"color: #000000;\">.<\/span><\/p>\n<ol start=\"6\">\n<li><span style=\"color: #000000;\"><b> Cambios en esta pol\u00edtica<\/b><\/span><\/li>\n<\/ol>\n<p><span style=\"font-weight: 400; color: #000000;\">Podemos actualizar nuestra pol\u00edtica de privacidad ocasionalmente. Si hacemos cambios, lo notificaremos actualizando la fecha en la parte superior de esta pol\u00edtica y, en algunos casos, podemos proporcionar una notificaci\u00f3n adicional.<\/span><\/p>\n<ol start=\"7\">\n<li><span style=\"color: #000000;\"><b> Cont\u00e1ctenos<\/b><\/span><\/li>\n<\/ol>\n<p><span style=\"color: #000000;\"><span style=\"font-weight: 400;\">Si tiene alguna pregunta sobre esta pol\u00edtica de privacidad, por favor cont\u00e1ctenos en <a href=\"mailto:info@tarracoyachts.com\">info@tarracoyachts.com<\/a><\/span><span style=\"font-weight: 400;\">.<\/span><\/span><\/p>\n<p><span style=\"color: #000000;\"><!-- \/wp:paragraph --><\/span><\/p>\t\t\t\t\t\t<\/div>\n\t\t\t\t<\/div>\n\t\t\t\t<div class=\"elementor-element elementor-element-ef5be1f elementor-widget elementor-widget-html\" data-id=\"ef5be1f\" data-element_type=\"widget\" data-widget_type=\"html.default\">\n\t\t\t\t<div class=\"elementor-widget-container\">\n\t\t\t<h2>Consentimiento para el uso de cookies.<\/h2> <p>Para que nuestro sitio web funcione correctamente utilizamos cookies. Para obtener tu consentimiento v\u00e1lido para el uso y el almacenamiento de cookies en el navegador que utilizas para acceder a nuestro sitio web y para documentarlo adecuadamente utilizamos una plataforma de gesti\u00f3n del consentimiento: CookieFirst. Esta tecnolog\u00eda es proporcionada por Digital Data Solutions BV, Plantage Middenlaan 42a, 1018 DH, Amsterdam, Pa\u00edses Bajos. Sitio web: <a href=\"https:\/\/cookiefirst.com\" title=\"Cookiefirst page\" target=\"_blank\" rel=\"noopener\">https:\/\/cookiefirst.com<\/a> denominado CookieFirst.<\/p> <p>Cuando accedes a nuestro sitio web, se establece una conexi\u00f3n con el servidor de CookieFirstpara darnos la posibilidad de obtener tu consentimiento v\u00e1lido para el uso de cookies determinadas. A continuaci\u00f3n, CookieFirst almacena una cookie en tu navegador para poder activar s\u00f3lo aquellas cookies a las que has dado tu consentimiento y para documentarlo adecuadamente. Los datos procesados se almacenan hasta que expira el periodo de almacenamiento predefinido o hasta que solicites la eliminaci\u00f3n de los datos. A pesar de lo anterior, pueden aplicarse determinados periodos de almacenamiento legales obligatorios.<\/p> <p>CookieFirst se utiliza para obtener el consentimiento legalmente requerido para el uso de cookies. La base legal para ello es el art\u00edculo 6(1)(c) del Reglamento General de Protecci\u00f3n de Datos (GDPR).<\/p> <h2>Acuerdo de procesamiento de datos<\/h2> <p>Hemos celebrado un acuerdo de procesamiento de datos con CookieFirst. Se trata de un contrato exigido por la ley de protecci\u00f3n de datos, que garantiza que los datos de los visitantes de nuestro sitio web solo se procesen de acuerdo con nuestras instrucciones y en cumplimiento del GDPR.<\/p> <h2>Archivos de registro del servidor<\/h2> <p>Nuestro sitio web y CookieFirst recogen y almacenan autom\u00e1ticamente informaci\u00f3n en los denominados archivos de registro del servidor, que tu navegador nos transmite autom\u00e1ticamente. Se recogen los siguientes datos:<\/p> <ul> <li>Tu consentimiento o la retirada del mismo<\/li> <li>Tu direcci\u00f3n IP an\u00f3nima<\/li> <li>Informaci\u00f3n sobre tu navegador<\/li> <li>Informaci\u00f3n sobre tu dispositivo<\/li> <li>La fecha y la hora en que has visitado nuestro sitio web<\/li> <li>La url de la p\u00e1gina web donde has guardado o actualizado tus preferencias de consentimiento<\/li> <li>La ubicaci\u00f3n aproximada del usuario que guard\u00f3 sus preferencias de consentimiento<\/li> <li>Un identificador \u00fanico universal (UUID) del visitante del sitio web que hizo clic en el banner cookie <\/li> <\/ul>\t\t<\/div>\n\t\t\t\t<\/div>\n\t\t\t\t\t<\/div>\n\t\t<\/div>\n\t\t\t\t\t\t\t<\/div>\n\t\t<\/section>\n\t\t\t\t\t\t\t<\/div>","protected":false},"excerpt":{"rendered":"<p>Pol\u00edtica de Privacidad de Tarraco Yachts Fecha de la \u00faltima actualizaci\u00f3n: 17 de octubre del 2023 Bienvenido a www.tarracoyachts.com. Su privacidad es esencial para nosotros. Esta pol\u00edtica de privacidad tiene como objetivo informarle sobre la informaci\u00f3n que recopilamos, c\u00f3mo la usamos, con qui\u00e9n la compartimos y las opciones que tiene con respecto a esta informaci\u00f3n. &hellip;<\/p>\n<p class=\"read-more\"> <a class=\"\" href=\"https:\/\/www.tarracoyachts.com\/ca\/politica-privacidad\/\"> <span class=\"screen-reader-text\">Pol\u00edtica de privacidad<\/span> Llegeix m\u00e9s &raquo;<\/a><\/p>","protected":false},"author":1,"featured_media":0,"parent":0,"menu_order":0,"comment_status":"closed","ping_status":"open","template":"","meta":{"site-sidebar-layout":"default","site-content-layout":"","ast-site-content-layout":"","site-content-style":"default","site-sidebar-style":"default","ast-global-header-display":"","ast-banner-title-visibility":"","ast-main-header-display":"","ast-hfb-above-header-display":"","ast-hfb-below-header-display":"","ast-hfb-mobile-header-display":"","site-post-title":"","ast-breadcrumbs-content":"","ast-featured-img":"","footer-sml-layout":"","theme-transparent-header-meta":"","adv-header-id-meta":"","stick-header-meta":"","header-above-stick-meta":"","header-main-stick-meta":"","header-below-stick-meta":"","astra-migrate-meta-layouts":"","footnotes":""},"class_list":["post-3","page","type-page","status-publish","hentry"],"_links":{"self":[{"href":"https:\/\/www.tarracoyachts.com\/ca\/wp-json\/wp\/v2\/pages\/3","targetHints":{"allow":["GET"]}}],"collection":[{"href":"https:\/\/www.tarracoyachts.com\/ca\/wp-json\/wp\/v2\/pages"}],"about":[{"href":"https:\/\/www.tarracoyachts.com\/ca\/wp-json\/wp\/v2\/types\/page"}],"author":[{"embeddable":true,"href":"https:\/\/www.tarracoyachts.com\/ca\/wp-json\/wp\/v2\/users\/1"}],"replies":[{"embeddable":true,"href":"https:\/\/www.tarracoyachts.com\/ca\/wp-json\/wp\/v2\/comments?post=3"}],"version-history":[{"count":16,"href":"https:\/\/www.tarracoyachts.com\/ca\/wp-json\/wp\/v2\/pages\/3\/revisions"}],"predecessor-version":[{"id":1253,"href":"https:\/\/www.tarracoyachts.com\/ca\/wp-json\/wp\/v2\/pages\/3\/revisions\/1253"}],"wp:attachment":[{"href":"https:\/\/www.tarracoyachts.com\/ca\/wp-json\/wp\/v2\/media?parent=3"}],"curies":[{"name":"wp","href":"https:\/\/api.w.org\/{rel}","templated":true}]}}